{"id":29728,"date":"2017-01-16T14:36:51","date_gmt":"2017-01-16T13:36:51","guid":{"rendered":"https:\/\/demo.qantumthemes.xyz\/onair2\/demo3\/blog-slideshow\/"},"modified":"2024-10-01T15:57:56","modified_gmt":"2024-10-01T13:57:56","slug":"blog-slideshow","status":"publish","type":"page","link":"https:\/\/www.iceagetv.com\/radiosite\/blog-slideshow\/","title":{"rendered":"Blog with slideshow"},"content":{"rendered":"\t\t<div data-elementor-type=\"wp-page\" data-elementor-id=\"29728\" class=\"elementor elementor-29728\">\n\t\t\t\t\t\t<section class=\"elementor-section elementor-top-section elementor-element elementor-element-3ccbc488 elementor-section-boxed elementor-section-height-default elementor-section-height-default\" data-id=\"3ccbc488\" data-element_type=\"section\" data-e-type=\"section\">\n\t\t\t\t\t\t<div class=\"elementor-container elementor-column-gap-default\">\n\t\t\t\t\t<div class=\"elementor-column elementor-col-100 elementor-top-column elementor-element elementor-element-511d33b9\" data-id=\"511d33b9\" data-element_type=\"column\" data-e-type=\"column\">\n\t\t\t<div class=\"elementor-widget-wrap elementor-element-populated\">\n\t\t\t\t\t\t<div class=\"elementor-element elementor-element-301b8d42 elementor-widget elementor-widget-text-editor\" data-id=\"301b8d42\" data-element_type=\"widget\" data-e-type=\"widget\" data-widget_type=\"text-editor.default\">\n\t\t\t\t\t\t\t\t\t<p>[vc_row][vc_column]\t\t\n\t\t<div class=\"qt-slickslider-container\">\n\t\t\t<div class=\"qt-slickslider qt-invisible qt-animated qt-slickslider-single qt-black-bg\" data-variablewidth=\"true\" data-arrows=\"true\" data-dots=\"true\" data-infinite=\"true\" data-centermode=\"true\" data-pauseonhover=\"true\" data-autoplay=\"true\" data-arrowsmobile=\"false\" data-centermodemobile=\"true\" data-dotsmobile=\"true\" data-variablewidthmobile=\"true\">\n\t\t\t\t\t\t\t\t\t<div class=\"qt-slick-opacity-fx qt-item\">\n\t\t\t\t\t\t<!-- POST HERO ITEM ========================= -->\n<div class=\"qt-part-archive-item qt-part-item-post-hero\">\n\t<div class=\"qt-item-header\">\n\t\t<div class=\"qt-header-top\">\n\t\t\t<div class=\"qt-feedback\">\n\t    \t\t0<i class=\"dripicons-heart\"><\/i>\t    \t<\/div>\n\t    <\/div>\n\t\t<div class=\"qt-header-mid qt-vc\">\n\t\t\t<div class=\"qt-vi\">\n\t\t\t\t<ul class=\"qt-tags\">\n\t\t\t\t\t<li>\n\t\t\t\t\t\t<a href=\"https:\/\/www.iceagetv.com\/radiosite\/category\/actu-france-monde\/\" rel=\"category tag\">Actu France &#8211; Monde<\/a>\t\t\t\t\t<\/li>\n\t\t\t\t<\/ul>\n\t\t  \t\t<h2 class=\"qt-title\">\n\t\t\t\t\t<a href=\"https:\/\/www.iceagetv.com\/radiosite\/carburants-le-premier-ministre-sebastien-lecornu-appelle-totalenergies-a-redistribuer-ses-eventuels-profits-exceptionnels-apres-lannonce-dun-benefice-en-hausse-de-plus-de-50\/\" class=\"qt-text-shadow qt-ellipsis-2 qt-t\">\n\t\t\t\t\t\tCarburants: Le Premier ministre S\u00e9bastien Lecornu appelle TotalEnergies \u00e0 \u00ab\u00a0redistribuer\u00a0\u00bb ses \u00e9ventuels profits \u00ab\u00a0exceptionnels\u00a0\u00bb, apr\u00e8s l&rsquo;annonce d&rsquo;un b\u00e9n\u00e9fice en hausse de plus de 50%\t\t\t\t\t<\/a>\n\t\t\t\t<\/h2>\n\t\t\t\t<div class=\"qt-the-content qt-spacer-s small hide-on-med-and-down \">\n\t\t\t\t\t<p class=\"qt-spacer-s qt-text-shadow small qt-ellipsis-2\">\n\t\t\t\t\tLe Premier ministre S\u00e9bastien Lecornu appelle TotalEnergies \u00e0 \u00ab\u00a0redistribuer\u00a0\u00bb ses \u00e9ventuels profits \u00ab exceptionnels\u00a0\u00bb.&nbsp;\u00ab\u00a0S\u2019il y a des r\u00e9sultats exceptionnels, \u00e7a pose la question d\u2019une redistribution qui peut \u00eatre ou pas \u00e0 proportion ou pas exceptionnel. C\u2019est un dispositif assez noble\u00a0\u00bb, a-t-il d\u00e9clar\u00e9 cet apr\u00e8s-midi depuis le S\u00e9nat.&nbsp; . Les automobilistes sont-ils des vaches \u00e0 lait [&hellip;]\t\t\t\t\t<\/p>\n\t\t\t\t\t<p><a href=\"https:\/\/www.iceagetv.com\/radiosite\/carburants-le-premier-ministre-sebastien-lecornu-appelle-totalenergies-a-redistribuer-ses-eventuels-profits-exceptionnels-apres-lannonce-dun-benefice-en-hausse-de-plus-de-50\/\" class=\"qt-btn qt-btn-l qt-btn-primary \"><i class=\"dripicons-align-justify\"><\/i><\/a><\/p>\n\t\t\t\t<\/div>\n\t\t\t<\/div>\n\t\t<\/div>\n\t\t\t        <div class=\"qt-header-bg\" data-bgimage=\"https:\/\/i0.wp.com\/www.iceagetv.com\/radiosite\/wp-content\/uploads\/2026\/04\/Capture-decran-2026-04-29-162914.jpg?fit=807%2C352&#038;ssl=1\">\n\t            <img loading=\"lazy\" decoding=\"async\" width=\"807\" height=\"352\" src=\"https:\/\/i0.wp.com\/www.iceagetv.com\/radiosite\/wp-content\/uploads\/2026\/04\/Capture-decran-2026-04-29-162914.jpg?fit=807%2C352&amp;ssl=1\" class=\"img-responsive activator wp-post-image\" alt=\"\" srcset=\"https:\/\/i0.wp.com\/www.iceagetv.com\/radiosite\/wp-content\/uploads\/2026\/04\/Capture-decran-2026-04-29-162914.jpg?w=807&amp;ssl=1 807w, https:\/\/i0.wp.com\/www.iceagetv.com\/radiosite\/wp-content\/uploads\/2026\/04\/Capture-decran-2026-04-29-162914.jpg?resize=300%2C131&amp;ssl=1 300w, https:\/\/i0.wp.com\/www.iceagetv.com\/radiosite\/wp-content\/uploads\/2026\/04\/Capture-decran-2026-04-29-162914.jpg?resize=768%2C335&amp;ssl=1 768w, https:\/\/i0.wp.com\/www.iceagetv.com\/radiosite\/wp-content\/uploads\/2026\/04\/Capture-decran-2026-04-29-162914.jpg?resize=690%2C302&amp;ssl=1 690w, https:\/\/i0.wp.com\/www.iceagetv.com\/radiosite\/wp-content\/uploads\/2026\/04\/Capture-decran-2026-04-29-162914.jpg?resize=100%2C44&amp;ssl=1 100w\" sizes=\"auto, (max-width: 807px) 100vw, 807px\" \/>\t        <\/div>\n     \t\t<\/div>\n<\/div>\n<!-- POST HERO ITEM END ========================= -->\n\t\t\t\t\t<\/div>\n\t\t\t\t\t\t\t\t\t\t<div class=\"qt-slick-opacity-fx qt-item\">\n\t\t\t\t\t\t<!-- POST HERO ITEM ========================= -->\n<div class=\"qt-part-archive-item qt-part-item-post-hero\">\n\t<div class=\"qt-item-header\">\n\t\t<div class=\"qt-header-top\">\n\t\t\t<div class=\"qt-feedback\">\n\t    \t\t0<i class=\"dripicons-heart\"><\/i>\t    \t<\/div>\n\t    <\/div>\n\t\t<div class=\"qt-header-mid qt-vc\">\n\t\t\t<div class=\"qt-vi\">\n\t\t\t\t<ul class=\"qt-tags\">\n\t\t\t\t\t<li>\n\t\t\t\t\t\t<a href=\"https:\/\/www.iceagetv.com\/radiosite\/category\/actu-france-monde\/\" rel=\"category tag\">Actu France &#8211; Monde<\/a>\t\t\t\t\t<\/li>\n\t\t\t\t<\/ul>\n\t\t  \t\t<h2 class=\"qt-title\">\n\t\t\t\t\t<a href=\"https:\/\/www.iceagetv.com\/radiosite\/deux-personnes-blessees-lors-dune-attaque-au-couteau-dans-un-quartier-juif-un-suspect-a-ete-interpelle-le-premier-ministre-britannique-denonce-des-faits-tres-inquietants\/\" class=\"qt-text-shadow qt-ellipsis-2 qt-t\">\n\t\t\t\t\t\tDeux personnes bless\u00e9es lors d&rsquo;une attaque au couteau dans un quartier juif &#8211; Un suspect a \u00e9t\u00e9 interpell\u00e9 &#8211; Le Premier ministre britannique d\u00e9nonce des faits \u00ab\u00a0tr\u00e8s inqui\u00e9tants\u00a0\u00bb\t\t\t\t\t<\/a>\n\t\t\t\t<\/h2>\n\t\t\t\t<div class=\"qt-the-content qt-spacer-s small hide-on-med-and-down \">\n\t\t\t\t\t<p class=\"qt-spacer-s qt-text-shadow small qt-ellipsis-2\">\n\t\t\t\t\tDeux personnes ont \u00e9t\u00e9 bless\u00e9es mercredi dans une attaque au couteau dans le quartier londonien de Golders Green, o\u00f9 vit une importante population juive, et un suspect a \u00e9t\u00e9 arr\u00eat\u00e9, ont annonc\u00e9 deux organisations juives britanniques. \u00ab&nbsp;Il y a eu une attaque au couteau aujourd\u2019hui \u00e0 Golders Green. Le suspect a \u00e9t\u00e9 arr\u00eat\u00e9&nbsp;\u00bb, a annonc\u00e9 [&hellip;]\t\t\t\t\t<\/p>\n\t\t\t\t\t<p><a href=\"https:\/\/www.iceagetv.com\/radiosite\/deux-personnes-blessees-lors-dune-attaque-au-couteau-dans-un-quartier-juif-un-suspect-a-ete-interpelle-le-premier-ministre-britannique-denonce-des-faits-tres-inquietants\/\" class=\"qt-btn qt-btn-l qt-btn-primary \"><i class=\"dripicons-align-justify\"><\/i><\/a><\/p>\n\t\t\t\t<\/div>\n\t\t\t<\/div>\n\t\t<\/div>\n\t\t\t        <div class=\"qt-header-bg\" data-bgimage=\"https:\/\/i0.wp.com\/www.iceagetv.com\/radiosite\/wp-content\/uploads\/2026\/04\/Capture-decran-2026-04-29-150435.jpg?fit=663%2C297&#038;ssl=1\">\n\t            <img loading=\"lazy\" decoding=\"async\" width=\"663\" height=\"297\" src=\"https:\/\/i0.wp.com\/www.iceagetv.com\/radiosite\/wp-content\/uploads\/2026\/04\/Capture-decran-2026-04-29-150435.jpg?fit=663%2C297&amp;ssl=1\" class=\"img-responsive activator wp-post-image\" alt=\"\" srcset=\"https:\/\/i0.wp.com\/www.iceagetv.com\/radiosite\/wp-content\/uploads\/2026\/04\/Capture-decran-2026-04-29-150435.jpg?w=663&amp;ssl=1 663w, https:\/\/i0.wp.com\/www.iceagetv.com\/radiosite\/wp-content\/uploads\/2026\/04\/Capture-decran-2026-04-29-150435.jpg?resize=300%2C134&amp;ssl=1 300w, https:\/\/i0.wp.com\/www.iceagetv.com\/radiosite\/wp-content\/uploads\/2026\/04\/Capture-decran-2026-04-29-150435.jpg?resize=100%2C44&amp;ssl=1 100w\" sizes=\"auto, (max-width: 663px) 100vw, 663px\" \/>\t        <\/div>\n     \t\t<\/div>\n<\/div>\n<!-- POST HERO ITEM END ========================= -->\n\t\t\t\t\t<\/div>\n\t\t\t\t\t\t\t\t\t\t<div class=\"qt-slick-opacity-fx qt-item\">\n\t\t\t\t\t\t<!-- POST HERO ITEM ========================= -->\n<div class=\"qt-part-archive-item qt-part-item-post-hero\">\n\t<div class=\"qt-item-header\">\n\t\t<div class=\"qt-header-top\">\n\t\t\t<div class=\"qt-feedback\">\n\t    \t\t0<i class=\"dripicons-heart\"><\/i>\t    \t<\/div>\n\t    <\/div>\n\t\t<div class=\"qt-header-mid qt-vc\">\n\t\t\t<div class=\"qt-vi\">\n\t\t\t\t<ul class=\"qt-tags\">\n\t\t\t\t\t<li>\n\t\t\t\t\t\t<a href=\"https:\/\/www.iceagetv.com\/radiosite\/category\/actu-france-monde\/\" rel=\"category tag\">Actu France &#8211; Monde<\/a>\t\t\t\t\t<\/li>\n\t\t\t\t<\/ul>\n\t\t  \t\t<h2 class=\"qt-title\">\n\t\t\t\t\t<a href=\"https:\/\/www.iceagetv.com\/radiosite\/carburants-le-benefice-net-de-totalenergies-en-hausse-de-plus-de-50-grace-a-la-hausse-des-prix-du-petrole\/\" class=\"qt-text-shadow qt-ellipsis-2 qt-t\">\n\t\t\t\t\t\tCarburants\u00a0: le b\u00e9n\u00e9fice net de TotalEnergies en hausse de plus de 50\u00a0%, gr\u00e2ce \u00e0 la hausse des prix du p\u00e9trole\t\t\t\t\t<\/a>\n\t\t\t\t<\/h2>\n\t\t\t\t<div class=\"qt-the-content qt-spacer-s small hide-on-med-and-down \">\n\t\t\t\t\t<p class=\"qt-spacer-s qt-text-shadow small qt-ellipsis-2\">\n\t\t\t\t\tAlors que les prix du p\u00e9trole ont atteint des sommets suite \u00e0 la guerre au Moyen-Orient, le g\u00e9ant fran\u00e7ais TotalEnergies a annonc\u00e9 un b\u00e9n\u00e9fice net en hausse de plus de 50 %, sur un an, au premier trimestre 2026 Sa production de gaz et de p\u00e9trole, en hausse de 4 % au premier trimestre, lui [&hellip;]\t\t\t\t\t<\/p>\n\t\t\t\t\t<p><a href=\"https:\/\/www.iceagetv.com\/radiosite\/carburants-le-benefice-net-de-totalenergies-en-hausse-de-plus-de-50-grace-a-la-hausse-des-prix-du-petrole\/\" class=\"qt-btn qt-btn-l qt-btn-primary \"><i class=\"dripicons-align-justify\"><\/i><\/a><\/p>\n\t\t\t\t<\/div>\n\t\t\t<\/div>\n\t\t<\/div>\n\t\t\t        <div class=\"qt-header-bg\" data-bgimage=\"https:\/\/www.iceagetv.com\/radiosite\/wp-content\/uploads\/2026\/04\/20260331162034-xl5891.avif\">\n\t            <img loading=\"lazy\" decoding=\"async\" width=\"1000\" height=\"625\" src=\"https:\/\/www.iceagetv.com\/radiosite\/wp-content\/uploads\/2026\/04\/20260331162034-xl5891.avif\" class=\"img-responsive activator wp-post-image\" alt=\"\" \/>\t        <\/div>\n     \t\t<\/div>\n<\/div>\n<!-- POST HERO ITEM END ========================= -->\n\t\t\t\t\t<\/div>\n\t\t\t\t\t\t\t\t<\/div>\n\t\t<\/div>\n\t\t[\/vc_row]<\/p>\t\t\t\t\t\t\t\t<\/div>\n\t\t\t\t\t<\/div>\n\t\t<\/div>\n\t\t\t\t\t<\/div>\n\t\t<\/section>\n\t\t\t\t<\/div>\n\t\t","protected":false},"excerpt":{"rendered":"<p>[vc_row][vc_column][\/vc_row]<\/p>\n","protected":false},"author":1,"featured_media":0,"parent":0,"menu_order":0,"comment_status":"closed","ping_status":"closed","template":"archive-no-sidebar.php","meta":{"footnotes":""},"class_list":["post-29728","page","type-page","status-publish","hentry"],"jetpack_sharing_enabled":true,"_links":{"self":[{"href":"https:\/\/www.iceagetv.com\/radiosite\/wp-json\/wp\/v2\/pages\/29728","targetHints":{"allow":["GET"]}}],"collection":[{"href":"https:\/\/www.iceagetv.com\/radiosite\/wp-json\/wp\/v2\/pages"}],"about":[{"href":"https:\/\/www.iceagetv.com\/radiosite\/wp-json\/wp\/v2\/types\/page"}],"author":[{"embeddable":true,"href":"https:\/\/www.iceagetv.com\/radiosite\/wp-json\/wp\/v2\/users\/1"}],"replies":[{"embeddable":true,"href":"https:\/\/www.iceagetv.com\/radiosite\/wp-json\/wp\/v2\/comments?post=29728"}],"version-history":[{"count":5,"href":"https:\/\/www.iceagetv.com\/radiosite\/wp-json\/wp\/v2\/pages\/29728\/revisions"}],"predecessor-version":[{"id":30230,"href":"https:\/\/www.iceagetv.com\/radiosite\/wp-json\/wp\/v2\/pages\/29728\/revisions\/30230"}],"wp:attachment":[{"href":"https:\/\/www.iceagetv.com\/radiosite\/wp-json\/wp\/v2\/media?parent=29728"}],"curies":[{"name":"wp","href":"https:\/\/api.w.org\/{rel}","templated":true}]}}